{"id":387,"date":"2017-10-19T16:40:02","date_gmt":"2017-10-19T20:40:02","guid":{"rendered":"http:\/\/imagemarketing.ca\/?page_id=387"},"modified":"2021-03-02T13:24:42","modified_gmt":"2021-03-02T18:24:42","slug":"referencement-2","status":"publish","type":"page","link":"https:\/\/imagemarketing.ca\/fr\/services\/referencement-2\/","title":{"rendered":"Ref\u00e9rencement"},"content":{"rendered":"\t\t<div data-elementor-type=\"wp-page\" data-elementor-id=\"387\" class=\"elementor elementor-387\" data-elementor-post-type=\"page\">\n\t\t\t\t\t\t<section class=\"elementor-section elementor-top-section elementor-element elementor-element-3389483 elementor-section-height-min-height elementor-section-boxed elementor-section-height-default elementor-section-items-middle\" data-id=\"3389483\" data-element_type=\"section\" data-e-type=\"section\" data-settings=\"{&quot;background_background&quot;:&quot;classic&quot;}\">\n\t\t\t\t\t\t\t<div class=\"elementor-background-overlay\"><\/div>\n\t\t\t\t\t\t\t<div class=\"elementor-container elementor-column-gap-default\">\n\t\t\t\t\t<div class=\"elementor-column elementor-col-100 elementor-top-column elementor-element elementor-element-32dcb95\" data-id=\"32dcb95\" data-element_type=\"column\" data-e-type=\"column\">\n\t\t\t<div class=\"elementor-widget-wrap elementor-element-populated\">\n\t\t\t\t\t\t<div class=\"elementor-element elementor-element-f52164c elementor-widget elementor-widget-heading\" data-id=\"f52164c\" data-element_type=\"widget\" data-e-type=\"widget\" data-widget_type=\"heading.default\">\n\t\t\t\t<div class=\"elementor-widget-container\">\n\t\t\t\t\t<h2 class=\"elementor-heading-title elementor-size-default\">REF\u00c9RENCEMENT<\/h2>\t\t\t\t<\/div>\n\t\t\t\t<\/div>\n\t\t\t\t<div class=\"elementor-element elementor-element-ba2b2f8 elementor-widget elementor-widget-text-editor\" data-id=\"ba2b2f8\" data-element_type=\"widget\" data-e-type=\"widget\" data-widget_type=\"text-editor.default\">\n\t\t\t\t<div class=\"elementor-widget-container\">\n\t\t\t\t\t\t\t\t\t<p>Augmentez votre visibilit\u00e9 en ligne, au bon moment et au bon endroit, pour mieux atteindre votre audience cible.<\/p>\t\t\t\t\t\t\t\t<\/div>\n\t\t\t\t<\/div>\n\t\t\t\t\t<\/div>\n\t\t<\/div>\n\t\t\t\t\t<\/div>\n\t\t<\/section>\n\t\t\t\t<section class=\"elementor-section elementor-top-section elementor-element elementor-element-66e621c elementor-section-boxed elementor-section-height-default elementor-section-height-default\" data-id=\"66e621c\" data-element_type=\"section\" data-e-type=\"section\" data-settings=\"{&quot;background_background&quot;:&quot;classic&quot;}\">\n\t\t\t\t\t\t<div class=\"elementor-container elementor-column-gap-default\">\n\t\t\t\t\t<div class=\"elementor-column elementor-col-50 elementor-top-column elementor-element elementor-element-f459b92\" data-id=\"f459b92\" data-element_type=\"column\" data-e-type=\"column\">\n\t\t\t<div class=\"elementor-widget-wrap elementor-element-populated\">\n\t\t\t\t\t\t<div class=\"elementor-element elementor-element-6e56bf6 elementor-widget elementor-widget-text-editor\" data-id=\"6e56bf6\" data-element_type=\"widget\" data-e-type=\"widget\" data-widget_type=\"text-editor.default\">\n\t\t\t\t<div class=\"elementor-widget-container\">\n\t\t\t\t\t\t\t\t\t<p>Dans un esprit strat\u00e9gique, Image Marketing cible votre audience pour aider votre entreprise \u00e0 atteindre des r\u00e9sultats concrets et mesurables. Nos strat\u00e8ges assurent le lien essentiel entre vos produits et\/ou services et les utilisateurs, en s&rsquo;assurant que vous apparaissez lors des recherches actives.<\/p>\n<p>Que faire pour augmenter votre visibilit\u00e9 en ligne? Le ref\u00e9rencement payant souvent appel\u00e9 co\u00fbt par clic (pay per click) et le ref\u00e9rencement organique par l&rsquo;optimisation de sites web sont des solutions \u00e0 court et long terme pour augmenter votre port\u00e9e et \u00eatre facilement trouvables lorsque vos clients recherchent pour des produits et services similaires aux v\u00f4tres. De plus, nous offrons des rapports de performance pour \u00e9valuer l&rsquo;efficacit\u00e9\u00a0 de vos campagnes num\u00e9riques.<\/p>\t\t\t\t\t\t\t\t<\/div>\n\t\t\t\t<\/div>\n\t\t\t\t\t<\/div>\n\t\t<\/div>\n\t\t\t\t<div class=\"elementor-column elementor-col-50 elementor-top-column elementor-element elementor-element-6e839df\" data-id=\"6e839df\" data-element_type=\"column\" data-e-type=\"column\">\n\t\t\t<div class=\"elementor-widget-wrap elementor-element-populated\">\n\t\t\t\t\t\t<div class=\"elementor-element elementor-element-71b89c3 elementor-widget elementor-widget-text-editor\" data-id=\"71b89c3\" data-element_type=\"widget\" data-e-type=\"widget\" data-widget_type=\"text-editor.default\">\n\t\t\t\t<div class=\"elementor-widget-container\">\n\t\t\t\t\t\t\t\t\t<p>Voici quelques exemples de campagnes:<\/p>\n<ol id=\"u32415-29\">\n<li id=\"u32415-14\">Google Ads (AdWords)<\/li>\n<li id=\"u32415-16\">Google Display Network (Banni\u00e8res)<\/li>\n<li id=\"u32415-18\">YouTube<\/li>\n<li id=\"u32415-20\">Facebook Ads<\/li>\n<li id=\"u32415-22\">LinkedIn<\/li>\n<li id=\"u32415-24\">Instagram<\/li>\n<li id=\"u32415-26\">Performance sur Google Analytics<\/li>\n<li id=\"u32415-28\">Info-lettres d&rsquo;industries pertinentes<\/li>\n<\/ol>\t\t\t\t\t\t\t\t<\/div>\n\t\t\t\t<\/div>\n\t\t\t\t\t<\/div>\n\t\t<\/div>\n\t\t\t\t\t<\/div>\n\t\t<\/section>\n\t\t\t\t<section class=\"elementor-section elementor-top-section elementor-element elementor-element-990f468 elementor-section-boxed elementor-section-height-default elementor-section-height-default\" data-id=\"990f468\" data-element_type=\"section\" data-e-type=\"section\" data-settings=\"{&quot;background_background&quot;:&quot;classic&quot;}\">\n\t\t\t\t\t\t<div class=\"elementor-container elementor-column-gap-default\">\n\t\t\t\t\t<div class=\"elementor-column elementor-col-33 elementor-top-column elementor-element elementor-element-3aad9e22\" data-id=\"3aad9e22\" data-element_type=\"column\" data-e-type=\"column\" data-settings=\"{&quot;background_background&quot;:&quot;classic&quot;}\">\n\t\t\t<div class=\"elementor-widget-wrap elementor-element-populated\">\n\t\t\t\t\t<div class=\"elementor-background-overlay\"><\/div>\n\t\t\t\t\t\t<div class=\"elementor-element elementor-element-361b2efd elementor-widget elementor-widget-image\" data-id=\"361b2efd\" data-element_type=\"widget\" data-e-type=\"widget\" data-widget_type=\"image.default\">\n\t\t\t\t<div class=\"elementor-widget-container\">\n\t\t\t\t\t\t\t\t\t\t\t\t\t\t\t<img decoding=\"async\" data-src=\"https:\/\/b2231716.smushcdn.com\/2231716\/wp-content\/uploads\/elementor\/thumbs\/lukas-blazek-mcSDtbWXUZU-unsplash-scaled-p49f58u8jux3mzyhuwp8m5zdq9zyzmqj3vsci78a00.jpg?lossy=1&strip=1&webp=1\" title=\"lukas-blazek-mcSDtbWXUZU-unsplash\" alt=\"lukas-blazek-mcSDtbWXUZU-unsplash\" data-srcset=\"https:\/\/b2231716.smushcdn.com\/2231716\/wp-content\/uploads\/elementor\/thumbs\/lukas-blazek-mcSDtbWXUZU-unsplash-scaled-p49f58u8jux3mzyhuwp8m5zdq9zyzmqj3vsci78a00.jpg?lossy=1&amp;strip=1&amp;webp=1 400w, https:\/\/b2231716.smushcdn.com\/2231716\/wp-content\/uploads\/elementor\/thumbs\/lukas-blazek-mcSDtbWXUZU-unsplash-scaled-p49f58u8jux3mzyhuwp8m5zdq9zyzmqj3vsci78a00.jpg?size=240x240&amp;lossy=1&amp;strip=1&amp;webp=1 240w\" data-sizes=\"auto\" src=\"data:image\/svg+xml;base64,PHN2ZyB3aWR0aD0iMSIgaGVpZ2h0PSIxIiB4bWxucz0iaHR0cDovL3d3dy53My5vcmcvMjAwMC9zdmciPjwvc3ZnPg==\" class=\"lazyload\" style=\"--smush-placeholder-width: 400px; --smush-placeholder-aspect-ratio: 400\/400;\" data-original-sizes=\"(max-width: 400px) 100vw, 400px\" \/>\t\t\t\t\t\t\t\t\t\t\t\t\t\t\t<\/div>\n\t\t\t\t<\/div>\n\t\t\t\t\t<\/div>\n\t\t<\/div>\n\t\t\t\t<div class=\"elementor-column elementor-col-33 elementor-top-column elementor-element elementor-element-398660bd\" data-id=\"398660bd\" data-element_type=\"column\" data-e-type=\"column\" id=\"demarrage-dentreprises\">\n\t\t\t<div class=\"elementor-widget-wrap elementor-element-populated\">\n\t\t\t\t\t\t<div class=\"elementor-element elementor-element-622b12e7 elementor-widget elementor-widget-heading\" data-id=\"622b12e7\" data-element_type=\"widget\" data-e-type=\"widget\" data-widget_type=\"heading.default\">\n\t\t\t\t<div class=\"elementor-widget-container\">\n\t\t\t\t\t<h2 class=\"elementor-heading-title elementor-size-default\">GESTION DE LA PERFORMANCE<\/h2>\t\t\t\t<\/div>\n\t\t\t\t<\/div>\n\t\t\t\t<div class=\"elementor-element elementor-element-340af995 elementor-widget elementor-widget-text-editor\" data-id=\"340af995\" data-element_type=\"widget\" data-e-type=\"widget\" data-widget_type=\"text-editor.default\">\n\t\t\t\t<div class=\"elementor-widget-container\">\n\t\t\t\t\t\t\t\t\t<p>Analyse de la performance num\u00e9rique: Site web, campagnes num\u00e9riques, m\u00e9dias sociaux, etc.<\/p>\t\t\t\t\t\t\t\t<\/div>\n\t\t\t\t<\/div>\n\t\t\t\t\t<\/div>\n\t\t<\/div>\n\t\t\t\t<div class=\"elementor-column elementor-col-33 elementor-top-column elementor-element elementor-element-6eb2b6a0 elementor-hidden-tablet elementor-hidden-phone\" data-id=\"6eb2b6a0\" data-element_type=\"column\" data-e-type=\"column\">\n\t\t\t<div class=\"elementor-widget-wrap elementor-element-populated\">\n\t\t\t\t\t\t<div class=\"elementor-element elementor-element-6f4cf6d elementor-widget elementor-widget-image\" data-id=\"6f4cf6d\" data-element_type=\"widget\" data-e-type=\"widget\" data-widget_type=\"image.default\">\n\t\t\t\t<div class=\"elementor-widget-container\">\n\t\t\t\t\t\t\t\t\t\t\t\t\t\t\t<img decoding=\"async\" data-src=\"https:\/\/b2231716.smushcdn.com\/2231716\/wp-content\/uploads\/elementor\/thumbs\/charles-deluvio-leqrylJNYUQ-unsplash-scaled-p49f4lc9t00xkqwmo4jkdtwuvn7sn758onh7ia74bk.jpg?lossy=1&strip=1&webp=1\" title=\"charles-deluvio-leqrylJNYUQ-unsplash\" alt=\"charles-deluvio-leqrylJNYUQ-unsplash\" data-srcset=\"https:\/\/b2231716.smushcdn.com\/2231716\/wp-content\/uploads\/elementor\/thumbs\/charles-deluvio-leqrylJNYUQ-unsplash-scaled-p49f4lc9t00xkqwmo4jkdtwuvn7sn758onh7ia74bk.jpg?lossy=1&amp;strip=1&amp;webp=1 400w, https:\/\/b2231716.smushcdn.com\/2231716\/wp-content\/uploads\/elementor\/thumbs\/charles-deluvio-leqrylJNYUQ-unsplash-scaled-p49f4lc9t00xkqwmo4jkdtwuvn7sn758onh7ia74bk.jpg?size=240x240&amp;lossy=1&amp;strip=1&amp;webp=1 240w\" data-sizes=\"auto\" src=\"data:image\/svg+xml;base64,PHN2ZyB3aWR0aD0iMSIgaGVpZ2h0PSIxIiB4bWxucz0iaHR0cDovL3d3dy53My5vcmcvMjAwMC9zdmciPjwvc3ZnPg==\" class=\"lazyload\" style=\"--smush-placeholder-width: 400px; --smush-placeholder-aspect-ratio: 400\/400;\" data-original-sizes=\"(max-width: 400px) 100vw, 400px\" \/>\t\t\t\t\t\t\t\t\t\t\t\t\t\t\t<\/div>\n\t\t\t\t<\/div>\n\t\t\t\t\t<\/div>\n\t\t<\/div>\n\t\t\t\t\t<\/div>\n\t\t<\/section>\n\t\t\t\t<section class=\"elementor-section elementor-top-section elementor-element elementor-element-637591ee elementor-section-boxed elementor-section-height-default elementor-section-height-default\" data-id=\"637591ee\" data-element_type=\"section\" data-e-type=\"section\" data-settings=\"{&quot;background_background&quot;:&quot;classic&quot;}\">\n\t\t\t\t\t\t\t<div class=\"elementor-background-overlay\"><\/div>\n\t\t\t\t\t\t\t<div class=\"elementor-container elementor-column-gap-default\">\n\t\t\t\t\t<div class=\"elementor-column elementor-col-33 elementor-top-column elementor-element elementor-element-587eb41c\" data-id=\"587eb41c\" data-element_type=\"column\" data-e-type=\"column\" id=\"presence-en-ligne\">\n\t\t\t<div class=\"elementor-widget-wrap elementor-element-populated\">\n\t\t\t\t\t\t<div class=\"elementor-element elementor-element-59c1c86e elementor-widget elementor-widget-heading\" data-id=\"59c1c86e\" data-element_type=\"widget\" data-e-type=\"widget\" data-widget_type=\"heading.default\">\n\t\t\t\t<div class=\"elementor-widget-container\">\n\t\t\t\t\t<h2 class=\"elementor-heading-title elementor-size-default\">GESTION DES R\u00c9SEAUX SOCIAUX<\/h2>\t\t\t\t<\/div>\n\t\t\t\t<\/div>\n\t\t\t\t<div class=\"elementor-element elementor-element-28b76dfe elementor-widget elementor-widget-text-editor\" data-id=\"28b76dfe\" data-element_type=\"widget\" data-e-type=\"widget\" data-widget_type=\"text-editor.default\">\n\t\t\t\t<div class=\"elementor-widget-container\">\n\t\t\t\t\t\t\t\t\t<p>Cr\u00e9ation de contenu simple, r\u00e9daction d&rsquo;articles et\/ou blogs, calendrier de publications pour multi plateformes et plus!<\/p>\t\t\t\t\t\t\t\t<\/div>\n\t\t\t\t<\/div>\n\t\t\t\t\t<\/div>\n\t\t<\/div>\n\t\t\t\t<div class=\"elementor-column elementor-col-33 elementor-top-column elementor-element elementor-element-749cec0 elementor-hidden-tablet\" data-id=\"749cec0\" data-element_type=\"column\" data-e-type=\"column\">\n\t\t\t<div class=\"elementor-widget-wrap elementor-element-populated\">\n\t\t\t\t\t<div class=\"elementor-background-overlay\"><\/div>\n\t\t\t\t\t\t<div class=\"elementor-element elementor-element-68d50ce8 elementor-widget elementor-widget-image\" data-id=\"68d50ce8\" data-element_type=\"widget\" data-e-type=\"widget\" data-widget_type=\"image.default\">\n\t\t\t\t<div class=\"elementor-widget-container\">\n\t\t\t\t\t\t\t\t\t\t\t\t\t\t\t<img decoding=\"async\" data-src=\"https:\/\/b2231716.smushcdn.com\/2231716\/wp-content\/uploads\/elementor\/thumbs\/150512_Ads_AP01-01-p49eb44hh1o7gzq3svtrorpg7mie8x4aaqy0ovwlgg.png?lossy=1&strip=1&webp=1\" title=\"Image Marketing &#8211; Campagnes num\u00e9riques\" alt=\"Image Marketing - Campagnes num\u00e9riques\" data-srcset=\"https:\/\/b2231716.smushcdn.com\/2231716\/wp-content\/uploads\/elementor\/thumbs\/150512_Ads_AP01-01-p49eb44hh1o7gzq3svtrorpg7mie8x4aaqy0ovwlgg.png?lossy=1&amp;strip=1&amp;webp=1 400w, https:\/\/b2231716.smushcdn.com\/2231716\/wp-content\/uploads\/elementor\/thumbs\/150512_Ads_AP01-01-p49eb44hh1o7gzq3svtrorpg7mie8x4aaqy0ovwlgg.png?size=240x240&amp;lossy=1&amp;strip=1&amp;webp=1 240w\" data-sizes=\"auto\" src=\"data:image\/svg+xml;base64,PHN2ZyB3aWR0aD0iMSIgaGVpZ2h0PSIxIiB4bWxucz0iaHR0cDovL3d3dy53My5vcmcvMjAwMC9zdmciPjwvc3ZnPg==\" class=\"lazyload\" style=\"--smush-placeholder-width: 400px; --smush-placeholder-aspect-ratio: 400\/400;\" data-original-sizes=\"(max-width: 400px) 100vw, 400px\" \/>\t\t\t\t\t\t\t\t\t\t\t\t\t\t\t<\/div>\n\t\t\t\t<\/div>\n\t\t\t\t\t<\/div>\n\t\t<\/div>\n\t\t\t\t<div class=\"elementor-column elementor-col-33 elementor-top-column elementor-element elementor-element-6742ad18\" data-id=\"6742ad18\" data-element_type=\"column\" data-e-type=\"column\">\n\t\t\t<div class=\"elementor-widget-wrap elementor-element-populated\">\n\t\t\t\t\t\t<div class=\"elementor-element elementor-element-49009e04 elementor-widget elementor-widget-heading\" data-id=\"49009e04\" data-element_type=\"widget\" data-e-type=\"widget\" data-widget_type=\"heading.default\">\n\t\t\t\t<div class=\"elementor-widget-container\">\n\t\t\t\t\t<h2 class=\"elementor-heading-title elementor-size-default\">CAMPAGNES NUM\u00c9RIQUES<\/h2>\t\t\t\t<\/div>\n\t\t\t\t<\/div>\n\t\t\t\t<div class=\"elementor-element elementor-element-1d8ab31c elementor-widget elementor-widget-text-editor\" data-id=\"1d8ab31c\" data-element_type=\"widget\" data-e-type=\"widget\" data-widget_type=\"text-editor.default\">\n\t\t\t\t<div class=\"elementor-widget-container\">\n\t\t\t\t\t\t\t\t\t<p>Gestion de campagnes num\u00e9riques Google AdWords, m\u00e9dias sociaux, etc.<\/p>\t\t\t\t\t\t\t\t<\/div>\n\t\t\t\t<\/div>\n\t\t\t\t\t<\/div>\n\t\t<\/div>\n\t\t\t\t\t<\/div>\n\t\t<\/section>\n\t\t\t\t<section class=\"elementor-section elementor-top-section elementor-element elementor-element-77733f08 elementor-section-content-middle elementor-section-boxed elementor-section-height-default elementor-section-height-default\" data-id=\"77733f08\" data-element_type=\"section\" data-e-type=\"section\" data-settings=\"{&quot;background_background&quot;:&quot;classic&quot;}\">\n\t\t\t\t\t\t\t<div class=\"elementor-background-overlay\"><\/div>\n\t\t\t\t\t\t\t<div class=\"elementor-container elementor-column-gap-no\">\n\t\t\t\t\t<div class=\"elementor-column elementor-col-50 elementor-top-column elementor-element elementor-element-13949bbf\" data-id=\"13949bbf\" data-element_type=\"column\" data-e-type=\"column\">\n\t\t\t<div class=\"elementor-widget-wrap elementor-element-populated\">\n\t\t\t\t\t\t<div class=\"elementor-element elementor-element-72e0f5a2 elementor-widget elementor-widget-heading\" data-id=\"72e0f5a2\" data-element_type=\"widget\" data-e-type=\"widget\" data-widget_type=\"heading.default\">\n\t\t\t\t<div class=\"elementor-widget-container\">\n\t\t\t\t\t<h3 class=\"elementor-heading-title elementor-size-default\"><a href=\"https:\/\/www.imagemarketing.ca\/2020\/fr\/contact\/\">QU'EST-CE QUE VOUS ATTENDEZ?<\/a><\/h3>\t\t\t\t<\/div>\n\t\t\t\t<\/div>\n\t\t\t\t<div class=\"elementor-element elementor-element-2bff8e84 elementor-align-left elementor-tablet-align-center elementor-widget elementor-widget-button\" data-id=\"2bff8e84\" data-element_type=\"widget\" data-e-type=\"widget\" data-widget_type=\"button.default\">\n\t\t\t\t<div class=\"elementor-widget-container\">\n\t\t\t\t\t\t\t\t\t<div class=\"elementor-button-wrapper\">\n\t\t\t\t\t<a class=\"elementor-button elementor-button-link elementor-size-sm\" href=\"https:\/\/www.imagemarketing.ca\/2020\/fr\/consultation-gratuite\/\">\n\t\t\t\t\t\t<span class=\"elementor-button-content-wrapper\">\n\t\t\t\t\t\t<span class=\"elementor-button-icon\">\n\t\t\t\t<i aria-hidden=\"true\" class=\"fas fa-chevron-right\"><\/i>\t\t\t<\/span>\n\t\t\t\t\t\t\t\t\t<span class=\"elementor-button-text\">OBTENIR UNE CONSULTATION GRATUITE<\/span>\n\t\t\t\t\t<\/span>\n\t\t\t\t\t<\/a>\n\t\t\t\t<\/div>\n\t\t\t\t\t\t\t\t<\/div>\n\t\t\t\t<\/div>\n\t\t\t\t<div class=\"elementor-element elementor-element-5d0a152 e-grid-align-left elementor-shape-rounded elementor-grid-0 elementor-widget elementor-widget-social-icons\" data-id=\"5d0a152\" data-element_type=\"widget\" data-e-type=\"widget\" data-widget_type=\"social-icons.default\">\n\t\t\t\t<div class=\"elementor-widget-container\">\n\t\t\t\t\t\t\t<div class=\"elementor-social-icons-wrapper elementor-grid\" role=\"list\">\n\t\t\t\t\t\t\t<span class=\"elementor-grid-item\" role=\"listitem\">\n\t\t\t\t\t<a class=\"elementor-icon elementor-social-icon elementor-social-icon-facebook elementor-animation-grow elementor-repeater-item-1fba67d\" target=\"_blank\">\n\t\t\t\t\t\t<span class=\"elementor-screen-only\">Facebook<\/span>\n\t\t\t\t\t\t\t\t\t\t\t\t\t<i class=\"fa fa-facebook\" aria-hidden=\"true\"><\/i>\n\t\t\t\t\t\t\t\t\t\t\t<\/a>\n\t\t\t\t<\/span>\n\t\t\t\t\t\t\t<span class=\"elementor-grid-item\" role=\"listitem\">\n\t\t\t\t\t<a class=\"elementor-icon elementor-social-icon elementor-social-icon-twitter elementor-animation-grow elementor-repeater-item-57ad147\" target=\"_blank\">\n\t\t\t\t\t\t<span class=\"elementor-screen-only\">Twitter<\/span>\n\t\t\t\t\t\t\t\t\t\t\t\t\t<i class=\"fa fa-twitter\" aria-hidden=\"true\"><\/i>\n\t\t\t\t\t\t\t\t\t\t\t<\/a>\n\t\t\t\t<\/span>\n\t\t\t\t\t\t\t<span class=\"elementor-grid-item\" role=\"listitem\">\n\t\t\t\t\t<a class=\"elementor-icon elementor-social-icon elementor-social-icon-google-plus elementor-animation-grow elementor-repeater-item-8bb09ee\" target=\"_blank\">\n\t\t\t\t\t\t<span class=\"elementor-screen-only\">Google-plus<\/span>\n\t\t\t\t\t\t\t\t\t\t\t\t\t<i class=\"fa fa-google-plus\" aria-hidden=\"true\"><\/i>\n\t\t\t\t\t\t\t\t\t\t\t<\/a>\n\t\t\t\t<\/span>\n\t\t\t\t\t<\/div>\n\t\t\t\t\t\t<\/div>\n\t\t\t\t<\/div>\n\t\t\t\t\t<\/div>\n\t\t<\/div>\n\t\t\t\t<div class=\"elementor-column elementor-col-50 elementor-top-column elementor-element elementor-element-370417c8\" data-id=\"370417c8\" data-element_type=\"column\" data-e-type=\"column\">\n\t\t\t<div class=\"elementor-widget-wrap elementor-element-populated\">\n\t\t\t\t\t\t<div class=\"elementor-element elementor-element-26373999 elementor-widget-divider--view-line elementor-widget elementor-widget-divider\" data-id=\"26373999\" data-element_type=\"widget\" data-e-type=\"widget\" data-widget_type=\"divider.default\">\n\t\t\t\t<div class=\"elementor-widget-container\">\n\t\t\t\t\t\t\t<div class=\"elementor-divider\">\n\t\t\t<span class=\"elementor-divider-separator\">\n\t\t\t\t\t\t<\/span>\n\t\t<\/div>\n\t\t\t\t\t\t<\/div>\n\t\t\t\t<\/div>\n\t\t\t\t<section class=\"elementor-section elementor-inner-section elementor-element elementor-element-5040728e elementor-section-content-middle elementor-reverse-mobile elementor-section-boxed elementor-section-height-default elementor-section-height-default\" data-id=\"5040728e\" data-element_type=\"section\" data-e-type=\"section\">\n\t\t\t\t\t\t<div class=\"elementor-container elementor-column-gap-default\">\n\t\t\t\t\t<div class=\"elementor-column elementor-col-100 elementor-inner-column elementor-element elementor-element-79c91513\" data-id=\"79c91513\" data-element_type=\"column\" data-e-type=\"column\">\n\t\t\t<div class=\"elementor-widget-wrap elementor-element-populated\">\n\t\t\t\t\t\t<div class=\"elementor-element elementor-element-28ceef05 elementor-widget elementor-widget-text-editor\" data-id=\"28ceef05\" data-element_type=\"widget\" data-e-type=\"widget\" data-widget_type=\"text-editor.default\">\n\t\t\t\t<div class=\"elementor-widget-container\">\n\t\t\t\t\t\t\t\t\t<p>La premi\u00e8re consultation est gratuite et \u00e9value vos besoins sp\u00e9cifiques et nous permet de mieux vous guider.<br \/>La r\u00e9union dure une heure et se tiendra \u00e0 votre bureau ou sur votre lieu de travail. \u00c0 la fin de la r\u00e9union, vous recevrez nos recommandations dans un format clair et facile \u00e0 comprendre.<br \/><span style=\"color: #ffffff;\"><a style=\"color: #ffffff;\" href=\"https:\/\/www.imagemarketing.ca\/2020\/fr\/consultation-gratuite\/\"><strong>Planifiez votre consultation gratuite d\u00e8s aujourd&rsquo;hui!<\/strong><\/a><\/span><\/p>\t\t\t\t\t\t\t\t<\/div>\n\t\t\t\t<\/div>\n\t\t\t\t\t<\/div>\n\t\t<\/div>\n\t\t\t\t\t<\/div>\n\t\t<\/section>\n\t\t\t\t\t<\/div>\n\t\t<\/div>\n\t\t\t\t\t<\/div>\n\t\t<\/section>\n\t\t\t\t<\/div>\n\t\t","protected":false},"excerpt":{"rendered":"<p>REF\u00c9RENCEMENT Augmentez votre visibilit\u00e9 en ligne, au bon moment et au bon endroit, pour mieux atteindre votre audience cible. Dans un esprit strat\u00e9gique, Image Marketing cible votre audience pour aider votre entreprise \u00e0 atteindre des r\u00e9sultats concrets et mesurables. Nos strat\u00e8ges assurent le lien essentiel entre vos produits et\/ou services et les utilisateurs, en s&rsquo;assurant &#8230; <a title=\"Ref\u00e9rencement\" class=\"read-more\" href=\"https:\/\/imagemarketing.ca\/fr\/services\/referencement-2\/\" aria-label=\"Plus sur Ref\u00e9rencement\">Lire plus<\/a><\/p>\n","protected":false},"author":1,"featured_media":0,"parent":768,"menu_order":0,"comment_status":"closed","ping_status":"closed","template":"elementor_header_footer","meta":{"footnotes":""},"class_list":["post-387","page","type-page","status-publish"],"_links":{"self":[{"href":"https:\/\/imagemarketing.ca\/fr\/wp-json\/wp\/v2\/pages\/387"}],"collection":[{"href":"https:\/\/imagemarketing.ca\/fr\/wp-json\/wp\/v2\/pages"}],"about":[{"href":"https:\/\/imagemarketing.ca\/fr\/wp-json\/wp\/v2\/types\/page"}],"author":[{"embeddable":true,"href":"https:\/\/imagemarketing.ca\/fr\/wp-json\/wp\/v2\/users\/1"}],"replies":[{"embeddable":true,"href":"https:\/\/imagemarketing.ca\/fr\/wp-json\/wp\/v2\/comments?post=387"}],"version-history":[{"count":0,"href":"https:\/\/imagemarketing.ca\/fr\/wp-json\/wp\/v2\/pages\/387\/revisions"}],"up":[{"embeddable":true,"href":"https:\/\/imagemarketing.ca\/fr\/wp-json\/wp\/v2\/pages\/768"}],"wp:attachment":[{"href":"https:\/\/imagemarketing.ca\/fr\/wp-json\/wp\/v2\/media?parent=387"}],"curies":[{"name":"wp","href":"https:\/\/api.w.org\/{rel}","templated":true}]}}