{"id":654,"date":"2017-10-19T12:34:45","date_gmt":"2017-10-19T16:34:45","guid":{"rendered":"http:\/\/imagemarketing.ca\/servicios\/online-presence\/"},"modified":"2021-04-20T20:01:47","modified_gmt":"2021-04-21T00:01:47","slug":"presencia-en-linea","status":"publish","type":"page","link":"https:\/\/imagemarketing.ca\/es\/servicios\/presencia-en-linea\/","title":{"rendered":"Presencia en l\u00ednea"},"content":{"rendered":"\t\t<div data-elementor-type=\"wp-page\" data-elementor-id=\"654\" class=\"elementor elementor-654 elementor-352\" data-elementor-post-type=\"page\">\n\t\t\t\t\t\t<section class=\"elementor-section elementor-top-section elementor-element elementor-element-e693338 elementor-section-height-min-height elementor-section-boxed elementor-section-height-default elementor-section-items-middle\" data-id=\"e693338\" data-element_type=\"section\" data-e-type=\"section\" data-settings=\"{&quot;background_background&quot;:&quot;classic&quot;}\">\n\t\t\t\t\t\t\t<div class=\"elementor-background-overlay\"><\/div>\n\t\t\t\t\t\t\t<div class=\"elementor-container elementor-column-gap-default\">\n\t\t\t\t\t<div class=\"elementor-column elementor-col-100 elementor-top-column elementor-element elementor-element-52d8d20\" data-id=\"52d8d20\" data-element_type=\"column\" data-e-type=\"column\">\n\t\t\t<div class=\"elementor-widget-wrap elementor-element-populated\">\n\t\t\t\t\t\t<div class=\"elementor-element elementor-element-35c9604 elementor-widget elementor-widget-heading\" data-id=\"35c9604\" data-element_type=\"widget\" data-e-type=\"widget\" data-widget_type=\"heading.default\">\n\t\t\t\t<div class=\"elementor-widget-container\">\n\t\t\t\t\t<h2 class=\"elementor-heading-title elementor-size-default\">PRESENCIA EN L\u00cdNEA<\/h2>\t\t\t\t<\/div>\n\t\t\t\t<\/div>\n\t\t\t\t<div class=\"elementor-element elementor-element-5c0ec91 elementor-widget elementor-widget-text-editor\" data-id=\"5c0ec91\" data-element_type=\"widget\" data-e-type=\"widget\" data-widget_type=\"text-editor.default\">\n\t\t\t\t<div class=\"elementor-widget-container\">\n\t\t\t\t\t\t\t\t\t<p>Felicidades, est\u00e1s en el negocio! Ahora, aqu\u00ed est\u00e1 c\u00f3mo podemos ayudarle a desarrollar su presencia en l\u00ednea.<\/p>\n\t\t\t\t\t\t\t\t<\/div>\n\t\t\t\t<\/div>\n\t\t\t\t\t<\/div>\n\t\t<\/div>\n\t\t\t\t\t<\/div>\n\t\t<\/section>\n\t\t\t\t<section class=\"elementor-section elementor-top-section elementor-element elementor-element-9c803de elementor-section-boxed elementor-section-height-default elementor-section-height-default\" data-id=\"9c803de\" data-element_type=\"section\" data-e-type=\"section\" data-settings=\"{&quot;background_background&quot;:&quot;classic&quot;}\">\n\t\t\t\t\t\t<div class=\"elementor-container elementor-column-gap-default\">\n\t\t\t\t\t<div class=\"elementor-column elementor-col-50 elementor-top-column elementor-element elementor-element-4a7b4b1\" data-id=\"4a7b4b1\" data-element_type=\"column\" data-e-type=\"column\">\n\t\t\t<div class=\"elementor-widget-wrap elementor-element-populated\">\n\t\t\t\t\t\t<div class=\"elementor-element elementor-element-974b5de elementor-widget elementor-widget-text-editor\" data-id=\"974b5de\" data-element_type=\"widget\" data-e-type=\"widget\" data-widget_type=\"text-editor.default\">\n\t\t\t\t<div class=\"elementor-widget-container\">\n\t\t\t\t\t\t\t\t\t<p>En Image Marketing, nuestros especialistas digitales altamente creativos se dedican a ayudarle a construir una gran presencia en l\u00ednea utilizando las redes sociales, el dise\u00f1o de sitios web altamente intuitivos, la optimizaci\u00f3n de procesos, los boletines de noticias y muchas otras estrategias para impulsar compromisos valiosos con su audiencia para hacer crecer su negocio.<\/p>\n\t\t\t\t\t\t\t\t<\/div>\n\t\t\t\t<\/div>\n\t\t\t\t\t<\/div>\n\t\t<\/div>\n\t\t\t\t<div class=\"elementor-column elementor-col-50 elementor-top-column elementor-element elementor-element-44102f2\" data-id=\"44102f2\" data-element_type=\"column\" data-e-type=\"column\">\n\t\t\t<div class=\"elementor-widget-wrap elementor-element-populated\">\n\t\t\t\t\t\t<div class=\"elementor-element elementor-element-91760c9 elementor-widget elementor-widget-text-editor\" data-id=\"91760c9\" data-element_type=\"widget\" data-e-type=\"widget\" data-widget_type=\"text-editor.default\">\n\t\t\t\t<div class=\"elementor-widget-container\">\n\t\t\t\t\t\t\t\t\t<p>Nuestros servicios son hechos a medida, aqu\u00ed hay algunos ejemplos:<\/p>\n<ol id=\"u32387-29\" class=\"list0 nls-None shared_content\" data-content-guid=\"u32387-29_content\">\n<li id=\"u32387-10\">Creaci\u00f3n de sitios web<\/li>\n<li>Guardar en Google Maps<\/li>\n<li>Creaci\u00f3n de perfiles en varias redes sociales<\/li>\n<li>Integraci\u00f3n de herramientas de monitorizaci\u00f3n del rendimiento<\/li>\n<li>Optimizaci\u00f3n de su sitio web (SEO)<\/li>\n<li>SEO digital (SEM &#8211; Google AdWords)<\/li>\n<li>Campa\u00f1as de publicidad en redes sociales<\/li>\n<li>Banners publicitarios (Red de Display de Google)<\/li>\n<li>Integraci\u00f3n de boletines informativos<\/li>\n<li>Herramientas y programas de fidelizaci\u00f3n<\/li>\n<\/ol>\n\t\t\t\t\t\t\t\t<\/div>\n\t\t\t\t<\/div>\n\t\t\t\t\t<\/div>\n\t\t<\/div>\n\t\t\t\t\t<\/div>\n\t\t<\/section>\n\t\t\t\t<section class=\"elementor-section elementor-top-section elementor-element elementor-element-138a68aa elementor-section-boxed elementor-section-height-default elementor-section-height-default\" data-id=\"138a68aa\" data-element_type=\"section\" data-e-type=\"section\" data-settings=\"{&quot;background_background&quot;:&quot;classic&quot;}\">\n\t\t\t\t\t\t<div class=\"elementor-container elementor-column-gap-default\">\n\t\t\t\t\t<div class=\"elementor-column elementor-col-33 elementor-top-column elementor-element elementor-element-117c90f1\" data-id=\"117c90f1\" data-element_type=\"column\" data-e-type=\"column\" data-settings=\"{&quot;background_background&quot;:&quot;classic&quot;}\">\n\t\t\t<div class=\"elementor-widget-wrap elementor-element-populated\">\n\t\t\t\t\t<div class=\"elementor-background-overlay\"><\/div>\n\t\t\t\t\t\t<div class=\"elementor-element elementor-element-5fe192d elementor-widget elementor-widget-image\" data-id=\"5fe192d\" data-element_type=\"widget\" data-e-type=\"widget\" data-widget_type=\"image.default\">\n\t\t\t\t<div class=\"elementor-widget-container\">\n\t\t\t\t\t\t\t\t\t\t\t\t\t\t\t<img decoding=\"async\" data-src=\"https:\/\/b2231716.smushcdn.com\/2231716\/wp-content\/uploads\/elementor\/thumbs\/domenico-loia-hGV2TfOh0ns-unsplash-scaled-p49f5ved3vrzdn1q76gaa0afziws4d836zg00uatuo.jpg?lossy=1&strip=1&webp=1\" title=\"domenico-loia-hGV2TfOh0ns-unsplash\" alt=\"domenico-loia-hGV2TfOh0ns-unsplash\" data-srcset=\"https:\/\/b2231716.smushcdn.com\/2231716\/wp-content\/uploads\/elementor\/thumbs\/domenico-loia-hGV2TfOh0ns-unsplash-scaled-p49f5ved3vrzdn1q76gaa0afziws4d836zg00uatuo.jpg?lossy=1&amp;strip=1&amp;webp=1 400w, https:\/\/b2231716.smushcdn.com\/2231716\/wp-content\/uploads\/elementor\/thumbs\/domenico-loia-hGV2TfOh0ns-unsplash-scaled-p49f5ved3vrzdn1q76gaa0afziws4d836zg00uatuo.jpg?size=240x240&amp;lossy=1&amp;strip=1&amp;webp=1 240w\" data-sizes=\"auto\" src=\"data:image\/svg+xml;base64,PHN2ZyB3aWR0aD0iMSIgaGVpZ2h0PSIxIiB4bWxucz0iaHR0cDovL3d3dy53My5vcmcvMjAwMC9zdmciPjwvc3ZnPg==\" class=\"lazyload\" style=\"--smush-placeholder-width: 400px; --smush-placeholder-aspect-ratio: 400\/400;\" data-original-sizes=\"(max-width: 400px) 100vw, 400px\" \/>\t\t\t\t\t\t\t\t\t\t\t\t\t\t\t<\/div>\n\t\t\t\t<\/div>\n\t\t\t\t\t<\/div>\n\t\t<\/div>\n\t\t\t\t<div class=\"elementor-column elementor-col-33 elementor-top-column elementor-element elementor-element-53a4002d\" data-id=\"53a4002d\" data-element_type=\"column\" data-e-type=\"column\" id=\"demarrage-dentreprises\">\n\t\t\t<div class=\"elementor-widget-wrap elementor-element-populated\">\n\t\t\t\t\t\t<div class=\"elementor-element elementor-element-742d1a6b elementor-widget elementor-widget-heading\" data-id=\"742d1a6b\" data-element_type=\"widget\" data-e-type=\"widget\" data-widget_type=\"heading.default\">\n\t\t\t\t<div class=\"elementor-widget-container\">\n\t\t\t\t\t<h2 class=\"elementor-heading-title elementor-size-default\">SITIOS WEB<\/h2>\t\t\t\t<\/div>\n\t\t\t\t<\/div>\n\t\t\t\t<div class=\"elementor-element elementor-element-11fb0748 elementor-widget elementor-widget-text-editor\" data-id=\"11fb0748\" data-element_type=\"widget\" data-e-type=\"widget\" data-widget_type=\"text-editor.default\">\n\t\t\t\t<div class=\"elementor-widget-container\">\n\t\t\t\t\t\t\t\t\t<p>Dise\u00f1o, integraci\u00f3n y desarrollo web adaptado, comercio electr\u00f3nico&#8230;<\/p>\n\t\t\t\t\t\t\t\t<\/div>\n\t\t\t\t<\/div>\n\t\t\t\t\t<\/div>\n\t\t<\/div>\n\t\t\t\t<div class=\"elementor-column elementor-col-33 elementor-top-column elementor-element elementor-element-1b470734 elementor-hidden-tablet elementor-hidden-phone\" data-id=\"1b470734\" data-element_type=\"column\" data-e-type=\"column\">\n\t\t\t<div class=\"elementor-widget-wrap elementor-element-populated\">\n\t\t\t\t\t\t<div class=\"elementor-element elementor-element-24fe66ae elementor-widget elementor-widget-image\" data-id=\"24fe66ae\" data-element_type=\"widget\" data-e-type=\"widget\" data-widget_type=\"image.default\">\n\t\t\t\t<div class=\"elementor-widget-container\">\n\t\t\t\t\t\t\t\t\t\t\t\t\t\t\t<img decoding=\"async\" data-src=\"https:\/\/b2231716.smushcdn.com\/2231716\/wp-content\/uploads\/elementor\/thumbs\/agreement-2548138-scaled-p49fbeo5crcrqz09vkl6ym05x7mlg776mdqxri3d7k.jpg?lossy=1&strip=1&webp=1\" title=\"agreement-2548138\" alt=\"agreement-2548138\" data-srcset=\"https:\/\/b2231716.smushcdn.com\/2231716\/wp-content\/uploads\/elementor\/thumbs\/agreement-2548138-scaled-p49fbeo5crcrqz09vkl6ym05x7mlg776mdqxri3d7k.jpg?lossy=1&amp;strip=1&amp;webp=1 400w, https:\/\/b2231716.smushcdn.com\/2231716\/wp-content\/uploads\/elementor\/thumbs\/agreement-2548138-scaled-p49fbeo5crcrqz09vkl6ym05x7mlg776mdqxri3d7k.jpg?size=240x240&amp;lossy=1&amp;strip=1&amp;webp=1 240w\" data-sizes=\"auto\" src=\"data:image\/svg+xml;base64,PHN2ZyB3aWR0aD0iMSIgaGVpZ2h0PSIxIiB4bWxucz0iaHR0cDovL3d3dy53My5vcmcvMjAwMC9zdmciPjwvc3ZnPg==\" class=\"lazyload\" style=\"--smush-placeholder-width: 400px; --smush-placeholder-aspect-ratio: 400\/400;\" data-original-sizes=\"(max-width: 400px) 100vw, 400px\" \/>\t\t\t\t\t\t\t\t\t\t\t\t\t\t\t<\/div>\n\t\t\t\t<\/div>\n\t\t\t\t\t<\/div>\n\t\t<\/div>\n\t\t\t\t\t<\/div>\n\t\t<\/section>\n\t\t\t\t<section class=\"elementor-section elementor-top-section elementor-element elementor-element-7bd7487c elementor-section-boxed elementor-section-height-default elementor-section-height-default\" data-id=\"7bd7487c\" data-element_type=\"section\" data-e-type=\"section\" data-settings=\"{&quot;background_background&quot;:&quot;classic&quot;}\">\n\t\t\t\t\t\t\t<div class=\"elementor-background-overlay\"><\/div>\n\t\t\t\t\t\t\t<div class=\"elementor-container elementor-column-gap-default\">\n\t\t\t\t\t<div class=\"elementor-column elementor-col-33 elementor-top-column elementor-element elementor-element-7c7cc2ac\" data-id=\"7c7cc2ac\" data-element_type=\"column\" data-e-type=\"column\" id=\"presence-en-ligne\">\n\t\t\t<div class=\"elementor-widget-wrap elementor-element-populated\">\n\t\t\t\t\t\t<div class=\"elementor-element elementor-element-46bf1b71 elementor-widget elementor-widget-heading\" data-id=\"46bf1b71\" data-element_type=\"widget\" data-e-type=\"widget\" data-widget_type=\"heading.default\">\n\t\t\t\t<div class=\"elementor-widget-container\">\n\t\t\t\t\t<h2 class=\"elementor-heading-title elementor-size-default\">MEDIOS <BR> SOCIALES<\/h2>\t\t\t\t<\/div>\n\t\t\t\t<\/div>\n\t\t\t\t<div class=\"elementor-element elementor-element-5908b048 elementor-widget elementor-widget-text-editor\" data-id=\"5908b048\" data-element_type=\"widget\" data-e-type=\"widget\" data-widget_type=\"text-editor.default\">\n\t\t\t\t<div class=\"elementor-widget-container\">\n\t\t\t\t\t\t\t\t\t<p>Creaci\u00f3n de cuentas, integraci\u00f3n y normalizaci\u00f3n de contenidos en las redes sociales.<\/p>\n\t\t\t\t\t\t\t\t<\/div>\n\t\t\t\t<\/div>\n\t\t\t\t\t<\/div>\n\t\t<\/div>\n\t\t\t\t<div class=\"elementor-column elementor-col-33 elementor-top-column elementor-element elementor-element-68344727 elementor-hidden-tablet\" data-id=\"68344727\" data-element_type=\"column\" data-e-type=\"column\">\n\t\t\t<div class=\"elementor-widget-wrap elementor-element-populated\">\n\t\t\t\t\t<div class=\"elementor-background-overlay\"><\/div>\n\t\t\t\t\t\t<div class=\"elementor-element elementor-element-5fbacc04 elementor-widget elementor-widget-image\" data-id=\"5fbacc04\" data-element_type=\"widget\" data-e-type=\"widget\" data-widget_type=\"image.default\">\n\t\t\t\t<div class=\"elementor-widget-container\">\n\t\t\t\t\t\t\t\t\t\t\t\t\t\t\t<img decoding=\"async\" data-src=\"https:\/\/b2231716.smushcdn.com\/2231716\/wp-content\/uploads\/elementor\/thumbs\/image-marketing-referencement-p49fac4rkjw0iyk94lxhmdq9kewjoly6t30135oiao.jpg?lossy=1&strip=1&webp=1\" title=\"image-marketing-referencement\" alt=\"image-marketing-referencement\" data-srcset=\"https:\/\/b2231716.smushcdn.com\/2231716\/wp-content\/uploads\/elementor\/thumbs\/image-marketing-referencement-p49fac4rkjw0iyk94lxhmdq9kewjoly6t30135oiao.jpg?lossy=1&amp;strip=1&amp;webp=1 400w, https:\/\/b2231716.smushcdn.com\/2231716\/wp-content\/uploads\/elementor\/thumbs\/image-marketing-referencement-p49fac4rkjw0iyk94lxhmdq9kewjoly6t30135oiao.jpg?size=240x240&amp;lossy=1&amp;strip=1&amp;webp=1 240w\" data-sizes=\"auto\" src=\"data:image\/svg+xml;base64,PHN2ZyB3aWR0aD0iMSIgaGVpZ2h0PSIxIiB4bWxucz0iaHR0cDovL3d3dy53My5vcmcvMjAwMC9zdmciPjwvc3ZnPg==\" class=\"lazyload\" style=\"--smush-placeholder-width: 400px; --smush-placeholder-aspect-ratio: 400\/400;\" data-original-sizes=\"(max-width: 400px) 100vw, 400px\" \/>\t\t\t\t\t\t\t\t\t\t\t\t\t\t\t<\/div>\n\t\t\t\t<\/div>\n\t\t\t\t\t<\/div>\n\t\t<\/div>\n\t\t\t\t<div class=\"elementor-column elementor-col-33 elementor-top-column elementor-element elementor-element-1a35480a\" data-id=\"1a35480a\" data-element_type=\"column\" data-e-type=\"column\">\n\t\t\t<div class=\"elementor-widget-wrap elementor-element-populated\">\n\t\t\t\t\t\t<div class=\"elementor-element elementor-element-4cc6ff8f elementor-widget elementor-widget-heading\" data-id=\"4cc6ff8f\" data-element_type=\"widget\" data-e-type=\"widget\" data-widget_type=\"heading.default\">\n\t\t\t\t<div class=\"elementor-widget-container\">\n\t\t\t\t\t<h2 class=\"elementor-heading-title elementor-size-default\">BOLETINES <\/h2>\t\t\t\t<\/div>\n\t\t\t\t<\/div>\n\t\t\t\t<div class=\"elementor-element elementor-element-6aaf43a elementor-widget elementor-widget-text-editor\" data-id=\"6aaf43a\" data-element_type=\"widget\" data-e-type=\"widget\" data-widget_type=\"text-editor.default\">\n\t\t\t\t<div class=\"elementor-widget-container\">\n\t\t\t\t\t\t\t\t\t<p>Integraci\u00f3n de las herramientas de gesti\u00f3n de los boletines de comunicaci\u00f3n y los boletines informativos.<\/p>\n\t\t\t\t\t\t\t\t<\/div>\n\t\t\t\t<\/div>\n\t\t\t\t\t<\/div>\n\t\t<\/div>\n\t\t\t\t\t<\/div>\n\t\t<\/section>\n\t\t\t\t<section class=\"elementor-section elementor-top-section elementor-element elementor-element-6fed3a55 elementor-section-content-middle elementor-section-boxed elementor-section-height-default elementor-section-height-default\" data-id=\"6fed3a55\" data-element_type=\"section\" data-e-type=\"section\" data-settings=\"{&quot;background_background&quot;:&quot;classic&quot;}\">\n\t\t\t\t\t\t\t<div class=\"elementor-background-overlay\"><\/div>\n\t\t\t\t\t\t\t<div class=\"elementor-container elementor-column-gap-no\">\n\t\t\t\t\t<div class=\"elementor-column elementor-col-50 elementor-top-column elementor-element elementor-element-768efb21\" data-id=\"768efb21\" data-element_type=\"column\" data-e-type=\"column\">\n\t\t\t<div class=\"elementor-widget-wrap elementor-element-populated\">\n\t\t\t\t\t\t<div class=\"elementor-element elementor-element-28ee1bbb elementor-widget elementor-widget-heading\" data-id=\"28ee1bbb\" data-element_type=\"widget\" data-e-type=\"widget\" data-widget_type=\"heading.default\">\n\t\t\t\t<div class=\"elementor-widget-container\">\n\t\t\t\t\t<h3 class=\"elementor-heading-title elementor-size-default\"><a href=\"https:\/\/www.imagemarketing.ca\/2020\/fr\/contact\/\">\u00bfQU\u00c9 ESPERA?<\/a><\/h3>\t\t\t\t<\/div>\n\t\t\t\t<\/div>\n\t\t\t\t<div class=\"elementor-element elementor-element-5b0041e9 elementor-align-left elementor-tablet-align-center elementor-widget elementor-widget-button\" data-id=\"5b0041e9\" data-element_type=\"widget\" data-e-type=\"widget\" data-widget_type=\"button.default\">\n\t\t\t\t<div class=\"elementor-widget-container\">\n\t\t\t\t\t\t\t\t\t<div class=\"elementor-button-wrapper\">\n\t\t\t\t\t<a class=\"elementor-button elementor-button-link elementor-size-sm\" href=\"https:\/\/www.imagemarketing.ca\/2020\/fr\/consultation-gratuite\/\">\n\t\t\t\t\t\t<span class=\"elementor-button-content-wrapper\">\n\t\t\t\t\t\t<span class=\"elementor-button-icon\">\n\t\t\t\t<i aria-hidden=\"true\" class=\"fas fa-chevron-right\"><\/i>\t\t\t<\/span>\n\t\t\t\t\t\t\t\t\t<span class=\"elementor-button-text\">OBTENGA UNA CONSULTA GRATUITA<\/span>\n\t\t\t\t\t<\/span>\n\t\t\t\t\t<\/a>\n\t\t\t\t<\/div>\n\t\t\t\t\t\t\t\t<\/div>\n\t\t\t\t<\/div>\n\t\t\t\t<div class=\"elementor-element elementor-element-1f696b0b e-grid-align-left elementor-shape-rounded elementor-grid-0 elementor-widget elementor-widget-social-icons\" data-id=\"1f696b0b\" data-element_type=\"widget\" data-e-type=\"widget\" data-widget_type=\"social-icons.default\">\n\t\t\t\t<div class=\"elementor-widget-container\">\n\t\t\t\t\t\t\t<div class=\"elementor-social-icons-wrapper elementor-grid\" role=\"list\">\n\t\t\t\t\t\t\t<span class=\"elementor-grid-item\" role=\"listitem\">\n\t\t\t\t\t<a class=\"elementor-icon elementor-social-icon elementor-social-icon-facebook elementor-animation-grow elementor-repeater-item-1fba67d\" target=\"_blank\">\n\t\t\t\t\t\t<span class=\"elementor-screen-only\">Facebook<\/span>\n\t\t\t\t\t\t\t\t\t\t\t\t\t<i class=\"fa fa-facebook\" aria-hidden=\"true\"><\/i>\n\t\t\t\t\t\t\t\t\t\t\t<\/a>\n\t\t\t\t<\/span>\n\t\t\t\t\t\t\t<span class=\"elementor-grid-item\" role=\"listitem\">\n\t\t\t\t\t<a class=\"elementor-icon elementor-social-icon elementor-social-icon-twitter elementor-animation-grow elementor-repeater-item-57ad147\" target=\"_blank\">\n\t\t\t\t\t\t<span class=\"elementor-screen-only\">Twitter<\/span>\n\t\t\t\t\t\t\t\t\t\t\t\t\t<i class=\"fa fa-twitter\" aria-hidden=\"true\"><\/i>\n\t\t\t\t\t\t\t\t\t\t\t<\/a>\n\t\t\t\t<\/span>\n\t\t\t\t\t\t\t<span class=\"elementor-grid-item\" role=\"listitem\">\n\t\t\t\t\t<a class=\"elementor-icon elementor-social-icon elementor-social-icon-google-plus elementor-animation-grow elementor-repeater-item-8bb09ee\" target=\"_blank\">\n\t\t\t\t\t\t<span class=\"elementor-screen-only\">Google-plus<\/span>\n\t\t\t\t\t\t\t\t\t\t\t\t\t<i class=\"fa fa-google-plus\" aria-hidden=\"true\"><\/i>\n\t\t\t\t\t\t\t\t\t\t\t<\/a>\n\t\t\t\t<\/span>\n\t\t\t\t\t<\/div>\n\t\t\t\t\t\t<\/div>\n\t\t\t\t<\/div>\n\t\t\t\t\t<\/div>\n\t\t<\/div>\n\t\t\t\t<div class=\"elementor-column elementor-col-50 elementor-top-column elementor-element elementor-element-7f2a025d\" data-id=\"7f2a025d\" data-element_type=\"column\" data-e-type=\"column\">\n\t\t\t<div class=\"elementor-widget-wrap elementor-element-populated\">\n\t\t\t\t\t\t<div class=\"elementor-element elementor-element-55352721 elementor-widget-divider--view-line elementor-widget elementor-widget-divider\" data-id=\"55352721\" data-element_type=\"widget\" data-e-type=\"widget\" data-widget_type=\"divider.default\">\n\t\t\t\t<div class=\"elementor-widget-container\">\n\t\t\t\t\t\t\t<div class=\"elementor-divider\">\n\t\t\t<span class=\"elementor-divider-separator\">\n\t\t\t\t\t\t<\/span>\n\t\t<\/div>\n\t\t\t\t\t\t<\/div>\n\t\t\t\t<\/div>\n\t\t\t\t<section class=\"elementor-section elementor-inner-section elementor-element elementor-element-630acb13 elementor-section-content-middle elementor-reverse-mobile elementor-section-boxed elementor-section-height-default elementor-section-height-default\" data-id=\"630acb13\" data-element_type=\"section\" data-e-type=\"section\">\n\t\t\t\t\t\t<div class=\"elementor-container elementor-column-gap-default\">\n\t\t\t\t\t<div class=\"elementor-column elementor-col-100 elementor-inner-column elementor-element elementor-element-25bcf005\" data-id=\"25bcf005\" data-element_type=\"column\" data-e-type=\"column\">\n\t\t\t<div class=\"elementor-widget-wrap elementor-element-populated\">\n\t\t\t\t\t\t<div class=\"elementor-element elementor-element-103630e2 elementor-widget elementor-widget-text-editor\" data-id=\"103630e2\" data-element_type=\"widget\" data-e-type=\"widget\" data-widget_type=\"text-editor.default\">\n\t\t\t\t<div class=\"elementor-widget-container\">\n\t\t\t\t\t\t\t\t\t<p>La primera consulta es gratuita y eval\u00faa sus necesidades espec\u00edficas y nos permite orientarle mejor.<br \/>\nLa reuni\u00f3n dura una hora y se celebrar\u00e1 en su oficina o lugar de trabajo. Al final de la reuni\u00f3n, recibir\u00e1 nuestras recomendaciones en un formato claro y f\u00e1cil de entender.<br \/>\n<span style=\"color: #ffffff;\"><a style=\"color: #ffffff;\" href=\"https:\/\/www.imagemarketing.ca\/2020\/fr\/consultation-gratuite\/\"><strong>Haga su consulta gratuita hoy mismo.<\/strong><\/a><\/span><\/p>\n\t\t\t\t\t\t\t\t<\/div>\n\t\t\t\t<\/div>\n\t\t\t\t\t<\/div>\n\t\t<\/div>\n\t\t\t\t\t<\/div>\n\t\t<\/section>\n\t\t\t\t\t<\/div>\n\t\t<\/div>\n\t\t\t\t\t<\/div>\n\t\t<\/section>\n\t\t\t\t<\/div>\n\t\t","protected":false},"excerpt":{"rendered":"<p>PRESENCIA EN L\u00cdNEA Felicidades, est\u00e1s en el negocio! Ahora, aqu\u00ed est\u00e1 c\u00f3mo podemos ayudarle a desarrollar su presencia en l\u00ednea. En Image Marketing, nuestros especialistas digitales altamente creativos se dedican a ayudarle a construir una gran presencia en l\u00ednea utilizando las redes sociales, el dise\u00f1o de sitios web altamente intuitivos, la optimizaci\u00f3n de procesos, los &#8230; <a title=\"Presencia en l\u00ednea\" class=\"read-more\" href=\"https:\/\/imagemarketing.ca\/es\/servicios\/presencia-en-linea\/\" aria-label=\"M\u00e1s en Presencia en l\u00ednea\">Leer m\u00e1s<\/a><\/p>\n","protected":false},"author":1,"featured_media":0,"parent":787,"menu_order":0,"comment_status":"closed","ping_status":"closed","template":"elementor_header_footer","meta":{"footnotes":""},"class_list":["post-654","page","type-page","status-publish"],"_links":{"self":[{"href":"https:\/\/imagemarketing.ca\/es\/wp-json\/wp\/v2\/pages\/654"}],"collection":[{"href":"https:\/\/imagemarketing.ca\/es\/wp-json\/wp\/v2\/pages"}],"about":[{"href":"https:\/\/imagemarketing.ca\/es\/wp-json\/wp\/v2\/types\/page"}],"author":[{"embeddable":true,"href":"https:\/\/imagemarketing.ca\/es\/wp-json\/wp\/v2\/users\/1"}],"replies":[{"embeddable":true,"href":"https:\/\/imagemarketing.ca\/es\/wp-json\/wp\/v2\/comments?post=654"}],"version-history":[{"count":0,"href":"https:\/\/imagemarketing.ca\/es\/wp-json\/wp\/v2\/pages\/654\/revisions"}],"up":[{"embeddable":true,"href":"https:\/\/imagemarketing.ca\/es\/wp-json\/wp\/v2\/pages\/787"}],"wp:attachment":[{"href":"https:\/\/imagemarketing.ca\/es\/wp-json\/wp\/v2\/media?parent=654"}],"curies":[{"name":"wp","href":"https:\/\/api.w.org\/{rel}","templated":true}]}}